{"id":10,"date":"2017-04-10T19:46:13","date_gmt":"2017-04-10T19:46:13","guid":{"rendered":"http:\/\/lorenamarquezlaw.com\/?page_id=10"},"modified":"2024-04-10T10:13:42","modified_gmt":"2024-04-10T17:13:42","slug":"home","status":"publish","type":"page","link":"https:\/\/www.lorenamarquezlaw.com\/es\/","title":{"rendered":"Inicio"},"content":{"rendered":"<p><\/p>\n<h1 class=\"has-text-align-center wp-block-heading\" style=\"text-align: center;\"><strong>20 A\u00d1OS DE EXPERIENCIA<\/strong><\/h1>\n<p>Centr\u00e1dome en<strong> immigraci\u00f3n<\/strong> y <strong>derecho penal<\/strong>, estoy lista para luchar por usted. Manejamos la defensa de deportaci\u00f3n por inmigraci\u00f3n, peticiones familiares, DACA y ciudadan\u00eda. Adem\u00e1s, brindamos representaci\u00f3n en casos penales en los condados de Orange, Los \u00c1ngeles y Riverside. Lo invitamos a concertar una cita para una revisi\u00f3n honesta de su caso. Llamenos al tel\u00e9fono <strong>(714) 667-0300<\/strong> o cont\u00e1ctenos a nuestro correo electr\u00f3nico: <strong>abogada.lorena@yahoo.com.<\/strong> Estamos ubicadas en 810 N. Broadway, Santa Ana, California 92701.<\/p>","protected":false},"excerpt":{"rendered":"<p>20 A\u00d1OS DE EXPERIENCIA Centr\u00e1dome en immigraci\u00f3n y derecho penal, estoy lista para luchar por usted. Manejamos la defensa de deportaci\u00f3n por inmigraci\u00f3n, peticiones familiares, DACA y ciudadan\u00eda. Adem\u00e1s, brindamos representaci\u00f3n en casos penales en los condados de Orange, Los \u00c1ngeles y Riverside. Lo invitamos a concertar una cita para una revisi\u00f3n honesta de su &hellip; <\/p>\n<p class=\"link-more\"><a href=\"https:\/\/www.lorenamarquezlaw.com\/es\/\" class=\"more-link\">Continuar leyendo<span class=\"screen-reader-text\"> \u00abInicio\u00bb<\/span><\/a><\/p>\n","protected":false},"author":1,"featured_media":0,"parent":0,"menu_order":0,"comment_status":"closed","ping_status":"closed","template":"","meta":{"footnotes":""},"class_list":["post-10","page","type-page","status-publish","hentry"],"jetpack_sharing_enabled":true,"_links":{"self":[{"href":"https:\/\/www.lorenamarquezlaw.com\/es\/wp-json\/wp\/v2\/pages\/10","targetHints":{"allow":["GET"]}}],"collection":[{"href":"https:\/\/www.lorenamarquezlaw.com\/es\/wp-json\/wp\/v2\/pages"}],"about":[{"href":"https:\/\/www.lorenamarquezlaw.com\/es\/wp-json\/wp\/v2\/types\/page"}],"author":[{"embeddable":true,"href":"https:\/\/www.lorenamarquezlaw.com\/es\/wp-json\/wp\/v2\/users\/1"}],"replies":[{"embeddable":true,"href":"https:\/\/www.lorenamarquezlaw.com\/es\/wp-json\/wp\/v2\/comments?post=10"}],"version-history":[{"count":6,"href":"https:\/\/www.lorenamarquezlaw.com\/es\/wp-json\/wp\/v2\/pages\/10\/revisions"}],"predecessor-version":[{"id":176,"href":"https:\/\/www.lorenamarquezlaw.com\/es\/wp-json\/wp\/v2\/pages\/10\/revisions\/176"}],"wp:attachment":[{"href":"https:\/\/www.lorenamarquezlaw.com\/es\/wp-json\/wp\/v2\/media?parent=10"}],"curies":[{"name":"wp","href":"https:\/\/api.w.org\/{rel}","templated":true}]}}