{"id":11,"date":"2017-04-10T19:46:13","date_gmt":"2017-04-10T19:46:13","guid":{"rendered":"http:\/\/lorenamarquezlaw.com\/?page_id=11"},"modified":"2024-04-09T17:04:35","modified_gmt":"2024-04-10T00:04:35","slug":"about","status":"publish","type":"page","link":"https:\/\/www.lorenamarquezlaw.com\/es\/about\/","title":{"rendered":"About"},"content":{"rendered":"<p><img data-recalc-dims=\"1\" loading=\"lazy\" decoding=\"async\" class=\"wp-image-80 aligncenter\" src=\"https:\/\/lawofficeoflorenamarquez.files.wordpress.com\/2020\/11\/1bfbe8d6-1260-467e-b98a-385cf248d37e-1.jpeg?w=683&#038;resize=326%2C488\" sizes=\"auto, (max-width: 326px) 100vw, 326px\" srcset=\"https:\/\/lawofficeoflorenamarquez.files.wordpress.com\/2020\/11\/1bfbe8d6-1260-467e-b98a-385cf248d37e-1.jpeg?w=326 326w, https:\/\/lawofficeoflorenamarquez.files.wordpress.com\/2020\/11\/1bfbe8d6-1260-467e-b98a-385cf248d37e-1.jpeg?w=652 652w, https:\/\/lawofficeoflorenamarquez.files.wordpress.com\/2020\/11\/1bfbe8d6-1260-467e-b98a-385cf248d37e-1.jpeg?w=100 100w, https:\/\/lawofficeoflorenamarquez.files.wordpress.com\/2020\/11\/1bfbe8d6-1260-467e-b98a-385cf248d37e-1.jpeg?w=200 200w\" alt=\"\" width=\"326\" height=\"488\" data-attachment-id=\"80\" data-permalink=\"https:\/\/lawofficeoflorenamarquez.com\/1bfbe8d6-1260-467e-b98a-385cf248d37e-1\/\" data-orig-file=\"https:\/\/lawofficeoflorenamarquez.files.wordpress.com\/2020\/11\/1bfbe8d6-1260-467e-b98a-385cf248d37e-1.jpeg\" data-orig-size=\"3057,4585\" data-comments-opened=\"1\" data-image-meta=\"{&quot;aperture&quot;:&quot;4.5&quot;,&quot;credit&quot;:&quot;&quot;,&quot;camera&quot;:&quot;NIKON D7100&quot;,&quot;caption&quot;:&quot;&quot;,&quot;created_timestamp&quot;:&quot;1443993132&quot;,&quot;copyright&quot;:&quot;&quot;,&quot;focal_length&quot;:&quot;98&quot;,&quot;iso&quot;:&quot;640&quot;,&quot;shutter_speed&quot;:&quot;0.02&quot;,&quot;title&quot;:&quot;&quot;,&quot;orientation&quot;:&quot;0&quot;}\" data-image-title=\"1bfbe8d6-1260-467e-b98a-385cf248d37e-1\" data-image-description=\"\" data-image-caption=\"\" data-medium-file=\"https:\/\/lawofficeoflorenamarquez.files.wordpress.com\/2020\/11\/1bfbe8d6-1260-467e-b98a-385cf248d37e-1.jpeg?w=200\" data-large-file=\"https:\/\/lawofficeoflorenamarquez.files.wordpress.com\/2020\/11\/1bfbe8d6-1260-467e-b98a-385cf248d37e-1.jpeg?w=683\" \/><\/p>\n<p>La abogada M\u00e1rquez se gradu\u00f3 de UCLA con una licenciatura en estudios chicanos. Luego sigui\u00f3 una carrera en derecho en Southwestern School of Law mientras criaba a dos ni\u00f1os peque\u00f1os y ten\u00eda un trabajo de medio tiempo. Su entusiasta representaci\u00f3n de los inmigrantes se debe a su amor por la comunidad y el deseo genuino de ayudar a los necesitados. Como hija de inmigrantes, tiene experiencia de primera mano con la dif\u00edcil situaci\u00f3n de la comunidad inmigrante y lo que necesita hacer para mejor ayudar a sus clientes.<\/p>","protected":false},"excerpt":{"rendered":"<p>La abogada M\u00e1rquez se gradu\u00f3 de UCLA con una licenciatura en estudios chicanos. Luego sigui\u00f3 una carrera en derecho en Southwestern School of Law mientras criaba a dos ni\u00f1os peque\u00f1os y ten\u00eda un trabajo de medio tiempo. Su entusiasta representaci\u00f3n de los inmigrantes se debe a su amor por la comunidad y el deseo genuino &hellip; <\/p>\n<p class=\"link-more\"><a href=\"https:\/\/www.lorenamarquezlaw.com\/es\/about\/\" class=\"more-link\">Continuar leyendo<span class=\"screen-reader-text\"> \u00abAbout\u00bb<\/span><\/a><\/p>\n","protected":false},"author":1,"featured_media":0,"parent":0,"menu_order":0,"comment_status":"closed","ping_status":"closed","template":"","meta":{"footnotes":""},"class_list":["post-11","page","type-page","status-publish","hentry"],"jetpack_sharing_enabled":true,"_links":{"self":[{"href":"https:\/\/www.lorenamarquezlaw.com\/es\/wp-json\/wp\/v2\/pages\/11","targetHints":{"allow":["GET"]}}],"collection":[{"href":"https:\/\/www.lorenamarquezlaw.com\/es\/wp-json\/wp\/v2\/pages"}],"about":[{"href":"https:\/\/www.lorenamarquezlaw.com\/es\/wp-json\/wp\/v2\/types\/page"}],"author":[{"embeddable":true,"href":"https:\/\/www.lorenamarquezlaw.com\/es\/wp-json\/wp\/v2\/users\/1"}],"replies":[{"embeddable":true,"href":"https:\/\/www.lorenamarquezlaw.com\/es\/wp-json\/wp\/v2\/comments?post=11"}],"version-history":[{"count":4,"href":"https:\/\/www.lorenamarquezlaw.com\/es\/wp-json\/wp\/v2\/pages\/11\/revisions"}],"predecessor-version":[{"id":172,"href":"https:\/\/www.lorenamarquezlaw.com\/es\/wp-json\/wp\/v2\/pages\/11\/revisions\/172"}],"wp:attachment":[{"href":"https:\/\/www.lorenamarquezlaw.com\/es\/wp-json\/wp\/v2\/media?parent=11"}],"curies":[{"name":"wp","href":"https:\/\/api.w.org\/{rel}","templated":true}]}}